{"id":5208,"date":"2023-01-02T23:17:16","date_gmt":"2023-01-02T23:17:16","guid":{"rendered":"http:\/\/b-b-b.se\/?page_id=5208"},"modified":"2023-01-09T19:24:11","modified_gmt":"2023-01-09T19:24:11","slug":"golvavjamning","status":"publish","type":"page","link":"https:\/\/b-b-b.se\/index.php\/golvavjamning\/","title":{"rendered":"Golvavj\u00e4mning"},"content":{"rendered":"<div class=\"fusion-fullwidth fullwidth-box fusion-builder-row-1 fusion-flex-container nonhundred-percent-fullwidth non-hundred-percent-height-scrolling fusion-animated\" style=\"--awb-border-radius-top-left:0px;--awb-border-radius-top-right:0px;--awb-border-radius-bottom-right:0px;--awb-border-radius-bottom-left:0px;--awb-margin-bottom:120px;--awb-margin-bottom-medium:80px;--awb-margin-bottom-small:60px;\" data-animationType=\"fadeInUp\" data-animationDuration=\"1.3\" data-animationOffset=\"top-into-view\" ><div class=\"fusion-builder-row fusion-row fusion-flex-align-items-center\" style=\"max-width:1216.8px;margin-left: calc(-4% \/ 2 );margin-right: calc(-4% \/ 2 );\"><div class=\"fusion-layout-column fusion_builder_column fusion-builder-column-0 fusion-flex-column fusion-flex-align-self-flex-start\" style=\"--awb-bg-blend:overlay;--awb-bg-size:cover;--awb-width-large:40%;--awb-margin-top-large:0px;--awb-spacing-right-large:3.84%;--awb-margin-bottom-large:0px;--awb-spacing-left-large:4.8%;--awb-width-medium:40%;--awb-order-medium:0;--awb-spacing-right-medium:3.84%;--awb-spacing-left-medium:4.8%;--awb-width-small:100%;--awb-order-small:0;--awb-spacing-right-small:1.92%;--awb-margin-bottom-small:15px;--awb-spacing-left-small:1.92%;\"><div class=\"fusion-column-wrapper fusion-column-has-shadow fusion-flex-justify-content-flex-start fusion-content-layout-column\"><div class=\"fusion-text fusion-text-1\" style=\"--awb-font-size:var(--awb-typography2-font-size);--awb-line-height:var(--awb-typography2-line-height);--awb-letter-spacing:var(--awb-typography2-letter-spacing);--awb-text-transform:var(--awb-typography2-text-transform);--awb-text-color:var(--awb-color4);--awb-text-font-family:var(--awb-typography2-font-family);--awb-text-font-weight:var(--awb-typography2-font-weight);--awb-text-font-style:var(--awb-typography2-font-style);\"><p style=\"letter-spacing: 3px; color: #ff0000;\">Golvaj\u00e4mning<\/p>\n<\/div><div class=\"fusion-title title fusion-title-1 fusion-title-text fusion-title-size-five\" style=\"--awb-margin-bottom:0px;--awb-font-size:37px;\"><div class=\"title-sep-container title-sep-container-left fusion-no-large-visibility fusion-no-medium-visibility fusion-no-small-visibility\"><div class=\"title-sep sep- sep-solid\" style=\"border-color:var(--awb-color3);\"><\/div><\/div><span class=\"awb-title-spacer fusion-no-large-visibility fusion-no-medium-visibility fusion-no-small-visibility\"><\/span><h5 class=\"title-heading-left fusion-responsive-typography-calculated\" style=\"margin:0;font-size:1em;text-transform:capitalize;--fontSize:37;line-height:1.35;\"><h5>&#8221;Ett j\u00e4mnt golv &#8211; en trygg grund att bygga p\u00e5!&#8221;<\/h5><\/h5><span class=\"awb-title-spacer\"><\/span><div class=\"title-sep-container title-sep-container-right\"><div class=\"title-sep sep- sep-solid\" style=\"border-color:var(--awb-color3);\"><\/div><\/div><\/div><\/div><\/div><div class=\"fusion-layout-column fusion_builder_column fusion-builder-column-1 fusion-flex-column fusion-flex-align-self-flex-start\" style=\"--awb-bg-blend:overlay;--awb-bg-size:cover;--awb-width-large:60%;--awb-margin-top-large:0px;--awb-spacing-right-large:3.2%;--awb-margin-bottom-large:0px;--awb-spacing-left-large:6.4%;--awb-width-medium:60%;--awb-order-medium:0;--awb-spacing-right-medium:3.2%;--awb-spacing-left-medium:6.4%;--awb-width-small:100%;--awb-order-small:0;--awb-spacing-right-small:1.92%;--awb-spacing-left-small:1.92%;\"><div class=\"fusion-column-wrapper fusion-column-has-shadow fusion-flex-justify-content-flex-start fusion-content-layout-column\"><div class=\"fusion-text fusion-text-2\"><h3 class=\"fusion-responsive-typography-calculated\" style=\"--fontsize: 25; line-height: 1.35;\" data-fontsize=\"25\" data-lineheight=\"33.75px\">Golvavj\u00e4mning &amp; Pumpservice<\/h3>\n<\/div><div class=\"fusion-text fusion-text-3\"><p>Pumpservice inneb\u00e4r att en instrukt\u00f6r fr\u00e5n v\u00e5ran partner Weber, som har stort kunnande av produkter och maskiner, finns p\u00e5 plats p\u00e5 avtalad tid. Instrukt\u00f6ren hj\u00e4lper till med etablering av maskin och ig\u00e5ngs\u00e4ttning av pumpen. Samtidigt kontrolleras att produkten har r\u00e4tt vattenm\u00e4ngd. N\u00e4r arbetet \u00e4r avslutat tar instrukt\u00f6ren med sig maskinen hem igen.\u00a0 Den personliga kontakten tillsammans med h\u00f6g kompetens, ifr\u00e5ga om produkter och maskinsystem, har gjort v\u00e5rat samarbete med Weber mycket efterfr\u00e5gat.<\/p>\n<p>Begreppet golvavj\u00e4mning \u00e4r ett samlingsnamn p\u00e5 produkter och metoder som anv\u00e4nds f\u00f6r att \u00e5stadkomma en yta som antingen \u00e4r f\u00e4rdig f\u00f6r golvbel\u00e4ggning eller som sj\u00e4lv kan utg\u00f6ra en f\u00e4rdig golvyta. \u00a0Materialsammans\u00e4ttningen hos Golvavj\u00e4mning best\u00e5r av sand, bindemedel och tillsatsmedel. \u00a0\u00a0Bindemedlet utg\u00f6rs i huvudsak av aluminat- och portlandscement. Aluminatcementen h\u00e5rdnar snabbare \u00e4n portlandcement och binder mer vatten vid den kemiskt hydratiseringen detta ger en st\u00f6rre inre uttorkning som m\u00f6jligg\u00f6r snabbare golvbel\u00e4ggning. Aluminatcement har ocks\u00e5 l\u00e4gre alkalitet och l\u00e4ngre lagringsstabilitet \u00e4n portlandscement.<\/p>\n<p>Aluminatcementen har en snabb reaktion och bindningstid vid tills\u00e4ttande av vatten. G\u00e5ngbarhet \u00e4r d\u00e4rf\u00f6r m\u00f6jlig efter bara n\u00e5gra timmar efter l\u00e4ggning, under f\u00f6ruts\u00e4ttning att det r\u00e5der ett bra uttorkningsklimat om ca +20\u00baC och en relativ fuktighet p\u00e5 ca 50 % med en viss luftoms\u00e4ttning. \u00a0Som tillsatsmedel anv\u00e4nds polymerer, flyttillsatser och polypropylenfiber. Polypropylenfiberns funktion \u00e4r att minimera sprickbildningen i det tidiga skedet i samband med torkningsprocessen<\/p>\n<h3 class=\"fusion-responsive-typography-calculated\" data-fontsize=\"36\" data-lineheight=\"43.2px\">Anv\u00e4ndningsomr\u00e5de<\/h3>\n<p><strong>Kommersiella golv<\/strong><br \/>\n\u2013\u00a0Kontor, hotell, sjukhus, bost\u00e4der, v\u00e5trum och skolor.<br \/>\n<strong>Industri-och designgolv<\/strong><br \/>\n\u2013\u00a0Lager, fabriker och butiker.<br \/>\n<strong>Installationsgolv<\/strong><br \/>\n\u2013\u00a0Luftspaltbildande matta, ljudgolv och uppfyllande golv.<\/p>\n<h3 class=\"fusion-responsive-typography-calculated\" data-fontsize=\"36\" data-lineheight=\"43.2px\">Totalkostnad<\/h3>\n<p>Behovet av golvavj\u00e4mning beror helt och h\u00e5llet p\u00e5 hur underlaget \u00e4r beskaffat och vilket anv\u00e4ndningsomr\u00e5de som \u00e4r avsett. Totalkostnaden \u00e4r d\u00e4rf\u00f6r beroende av en sammanv\u00e4gning av f\u00f6ljande<\/p>\n<ul>\n<li>F\u00e4rdigst\u00e4llandetid<\/li>\n<li>Vald ytj\u00e4mnhet<\/li>\n<li>Tjocklek<\/li>\n<li>Arbetsmetod<\/li>\n<li>Produktval<\/li>\n<li>Uttorkningstid<\/li>\n<\/ul>\n<\/div><\/div><\/div><div class=\"fusion-layout-column fusion_builder_column fusion-builder-column-2 fusion_builder_column_1_1 1_1 fusion-flex-column\" style=\"--awb-bg-size:cover;--awb-width-large:100%;--awb-margin-top-large:90px;--awb-spacing-right-large:1.92%;--awb-margin-bottom-large:0px;--awb-spacing-left-large:1.92%;--awb-width-medium:100%;--awb-order-medium:0;--awb-spacing-right-medium:1.92%;--awb-spacing-left-medium:1.92%;--awb-width-small:100%;--awb-order-small:0;--awb-spacing-right-small:1.92%;--awb-spacing-left-small:1.92%;\"><div class=\"fusion-column-wrapper fusion-column-has-shadow fusion-flex-justify-content-flex-start fusion-content-layout-column\"><div class=\"fusion-separator fusion-full-width-sep\" style=\"align-self: center;margin-left: auto;margin-right: auto;margin-top:0px;margin-bottom:0px;width:100%;\"><div class=\"fusion-separator-border sep-single sep-solid\" style=\"--awb-height:20px;--awb-amount:20px;border-color:var(--awb-color2);border-top-width:2px;\"><\/div><\/div><\/div><\/div><\/div><\/div>\n","protected":false},"excerpt":{"rendered":"","protected":false},"author":1,"featured_media":5298,"parent":0,"menu_order":0,"comment_status":"closed","ping_status":"closed","template":"100-width.php","meta":{"inline_featured_image":false,"footnotes":""},"class_list":["post-5208","page","type-page","status-publish","has-post-thumbnail","hentry"],"_links":{"self":[{"href":"https:\/\/b-b-b.se\/index.php\/wp-json\/wp\/v2\/pages\/5208","targetHints":{"allow":["GET"]}}],"collection":[{"href":"https:\/\/b-b-b.se\/index.php\/wp-json\/wp\/v2\/pages"}],"about":[{"href":"https:\/\/b-b-b.se\/index.php\/wp-json\/wp\/v2\/types\/page"}],"author":[{"embeddable":true,"href":"https:\/\/b-b-b.se\/index.php\/wp-json\/wp\/v2\/users\/1"}],"replies":[{"embeddable":true,"href":"https:\/\/b-b-b.se\/index.php\/wp-json\/wp\/v2\/comments?post=5208"}],"version-history":[{"count":8,"href":"https:\/\/b-b-b.se\/index.php\/wp-json\/wp\/v2\/pages\/5208\/revisions"}],"predecessor-version":[{"id":5302,"href":"https:\/\/b-b-b.se\/index.php\/wp-json\/wp\/v2\/pages\/5208\/revisions\/5302"}],"wp:featuredmedia":[{"embeddable":true,"href":"https:\/\/b-b-b.se\/index.php\/wp-json\/wp\/v2\/media\/5298"}],"wp:attachment":[{"href":"https:\/\/b-b-b.se\/index.php\/wp-json\/wp\/v2\/media?parent=5208"}],"curies":[{"name":"wp","href":"https:\/\/api.w.org\/{rel}","templated":true}]}}