{"id":5546,"date":"2025-01-26T22:52:55","date_gmt":"2025-01-26T22:52:55","guid":{"rendered":"https:\/\/b-b-b.se\/?page_id=5546"},"modified":"2025-01-26T23:07:41","modified_gmt":"2025-01-26T23:07:41","slug":"tjanster","status":"publish","type":"page","link":"https:\/\/b-b-b.se\/index.php\/tjanster\/","title":{"rendered":"V\u00e5ra Tj\u00e4nster"},"content":{"rendered":"<div class=\"fusion-fullwidth fullwidth-box fusion-builder-row-1 fusion-flex-container has-pattern-background has-mask-background nonhundred-percent-fullwidth non-hundred-percent-height-scrolling fusion-animated\" style=\"--awb-background-position:left top;--awb-border-sizes-top:0px;--awb-border-sizes-bottom:0px;--awb-border-sizes-left:0px;--awb-border-sizes-right:0px;--awb-border-radius-top-left:0px;--awb-border-radius-top-right:0px;--awb-border-radius-bottom-right:0px;--awb-border-radius-bottom-left:0px;--awb-margin-bottom:50px;--awb-margin-bottom-medium:80px;--awb-margin-bottom-small:60px;\" data-animationType=\"fadeInUp\" data-animationDuration=\"1.3\" data-animationOffset=\"top-into-view\" ><div class=\"fusion-builder-row fusion-row fusion-flex-align-items-stretch fusion-flex-justify-content-center\" style=\"max-width:1216.8px;margin-left: calc(-4% \/ 2 );margin-right: calc(-4% \/ 2 );\"><div class=\"fusion-layout-column fusion_builder_column fusion-builder-column-0 fusion_builder_column_1_4 1_4 fusion-flex-column fusion-flex-align-self-center fusion-animated\" style=\"--awb-bg-size:cover;--awb-width-large:25%;--awb-margin-top-large:0px;--awb-spacing-right-large:7.68%;--awb-margin-bottom-large:0px;--awb-spacing-left-large:7.68%;--awb-width-medium:100%;--awb-order-medium:0;--awb-spacing-right-medium:1.92%;--awb-spacing-left-medium:1.92%;--awb-width-small:100%;--awb-order-small:0;--awb-spacing-right-small:1.92%;--awb-margin-bottom-small:40px;--awb-spacing-left-small:1.92%;\" data-animationType=\"fadeInUp\" data-animationDuration=\"1.3\" data-animationOffset=\"top-into-view\"><div class=\"fusion-column-wrapper fusion-column-has-shadow fusion-flex-justify-content-flex-start fusion-content-layout-column\"><div class=\"fusion-separator fusion-full-width-sep\" style=\"align-self: flex-end;margin-left:auto;width:100%;\"><div class=\"fusion-separator-border sep-single sep-solid\" style=\"--awb-height:20px;--awb-amount:20px;--awb-sep-color:#000000;border-color:#000000;border-top-width:1px;\"><\/div><\/div><\/div><\/div><div class=\"fusion-layout-column fusion_builder_column fusion-builder-column-1 fusion_builder_column_1_4 1_4 fusion-flex-column fusion-flex-align-self-center fusion-animated\" style=\"--awb-bg-size:cover;--awb-width-large:25%;--awb-margin-top-large:0px;--awb-spacing-right-large:7.68%;--awb-margin-bottom-large:0px;--awb-spacing-left-large:7.68%;--awb-width-medium:100%;--awb-order-medium:0;--awb-spacing-right-medium:1.92%;--awb-spacing-left-medium:1.92%;--awb-width-small:100%;--awb-order-small:0;--awb-spacing-right-small:1.92%;--awb-margin-bottom-small:40px;--awb-spacing-left-small:1.92%;\" data-animationType=\"fadeInUp\" data-animationDuration=\"1.3\" data-animationOffset=\"top-into-view\"><div class=\"fusion-column-wrapper fusion-column-has-shadow fusion-flex-justify-content-flex-start fusion-content-layout-column\"><div class=\"fusion-text fusion-text-1\"><h3 style=\"text-align: center;\">N\u00e5gra av v\u00e5ra tj\u00e4nster<\/h3>\n<\/div><\/div><\/div><div class=\"fusion-layout-column fusion_builder_column fusion-builder-column-2 fusion_builder_column_1_4 1_4 fusion-flex-column fusion-flex-align-self-center fusion-animated\" style=\"--awb-bg-size:cover;--awb-width-large:25%;--awb-margin-top-large:0px;--awb-spacing-right-large:7.68%;--awb-margin-bottom-large:0px;--awb-spacing-left-large:7.68%;--awb-width-medium:100%;--awb-order-medium:0;--awb-spacing-right-medium:1.92%;--awb-spacing-left-medium:1.92%;--awb-width-small:100%;--awb-order-small:0;--awb-spacing-right-small:1.92%;--awb-margin-bottom-small:40px;--awb-spacing-left-small:1.92%;\" data-animationType=\"fadeInUp\" data-animationDuration=\"1.3\" data-animationOffset=\"top-into-view\"><div class=\"fusion-column-wrapper fusion-column-has-shadow fusion-flex-justify-content-flex-start fusion-content-layout-column\"><div class=\"fusion-separator fusion-full-width-sep\" style=\"align-self: flex-end;margin-left:auto;width:100%;\"><div class=\"fusion-separator-border sep-single sep-solid\" style=\"--awb-height:20px;--awb-amount:20px;--awb-sep-color:#000000;border-color:#000000;border-top-width:1px;\"><\/div><\/div><\/div><\/div><div class=\"fusion-layout-column fusion_builder_column fusion-builder-column-3 fusion_builder_column_3_4 3_4 fusion-flex-column\" style=\"--awb-bg-blend:overlay;--awb-bg-size:cover;--awb-width-large:75%;--awb-margin-top-large:0px;--awb-spacing-right-large:2.56%;--awb-margin-bottom-large:55px;--awb-spacing-left-large:2.56%;--awb-width-medium:100%;--awb-order-medium:0;--awb-spacing-right-medium:1.92%;--awb-spacing-left-medium:1.92%;--awb-width-small:100%;--awb-order-small:0;--awb-spacing-right-small:1.92%;--awb-spacing-left-small:1.92%;\"><div class=\"fusion-column-wrapper fusion-column-has-shadow fusion-flex-justify-content-flex-start fusion-content-layout-column\"><div class=\"fusion-flip-boxes flip-boxes row fusion-columns-3 flip-effect-classic equal-heights\"><div class=\"fusion-flip-box-wrapper fusion-column col-lg-4 col-md-4 col-sm-4\"><div class=\"fusion-flip-box flip-up\" tabindex=\"0\"><div class=\"flip-box-inner-wrapper\"><div class=\"flip-box-front\" style=\"--awb-icon-color:#000000;\"><div class=\"flip-box-front-inner\"><div class=\"flip-box-grafix flip-box-image\"><img decoding=\"async\" class=\"lazyload\" src=\"data:image\/svg+xml,%3Csvg%20xmlns%3D%27http%3A%2F%2Fwww.w3.org%2F2000%2Fsvg%27%20width%3D%27200%27%20height%3D%27200%27%20viewBox%3D%270%200%20200%20200%27%3E%3Crect%20width%3D%27200%27%20height%3D%27200%27%20fill-opacity%3D%220%22%2F%3E%3C%2Fsvg%3E\" data-orig-src=\"http:\/\/b-b-b.se\/wp-content\/uploads\/2022\/12\/flooring_icon.png\" width=\"70\" height=\"70\" alt=\"\" \/><\/div><h4 class=\"flip-box-heading\">Markbetong<\/h4>Enkelt. flexibelt &amp; best\u00e4ndigt<\/div><\/div><div class=\"flip-box-back\" style=\"--awb-icon-color:#000000;\"><div class=\"flip-box-back-inner\"><h4 class=\"flip-box-heading-back\">MARKBETONG<\/h4>\n<p>Markbetong \u00e4r en platsgjuten konstruktion som ger best\u00e4ndiga ytor till minimal underh\u00e5llskostnad<\/p>\n<p style=\"text-align: center;\"><strong><a href=\"https:\/\/b-b-b.se\/index.php\/markbetong2\/\">vill du veta mer<\/a><\/strong><\/p>\n<\/div><\/div><\/div><\/div><\/div><div class=\"fusion-flip-box-wrapper fusion-column col-lg-4 col-md-4 col-sm-4\"><div class=\"fusion-flip-box flip-up\" tabindex=\"0\"><div class=\"flip-box-inner-wrapper\"><div class=\"flip-box-front\" style=\"--awb-icon-color:#000000;\"><div class=\"flip-box-front-inner\"><div class=\"flip-box-grafix flip-box-image\"><img decoding=\"async\" class=\"lazyload\" src=\"data:image\/svg+xml,%3Csvg%20xmlns%3D%27http%3A%2F%2Fwww.w3.org%2F2000%2Fsvg%27%20width%3D%2770%27%20height%3D%2770%27%20viewBox%3D%270%200%2070%2070%27%3E%3Crect%20width%3D%2770%27%20height%3D%2770%27%20fill-opacity%3D%220%22%2F%3E%3C%2Fsvg%3E\" data-orig-src=\"http:\/\/b-b-b.se\/wp-content\/uploads\/2022\/12\/avj_icon.png\" width=\"70\" height=\"70\" alt=\"\" \/><\/div><h4 class=\"flip-box-heading\">Golvavj\u00e4mning<\/h4>Lite v\u00e5ran specialitet<\/div><\/div><div class=\"flip-box-back\" style=\"--awb-icon-color:#000000;\"><div class=\"flip-box-back-inner\"><h4 class=\"flip-box-heading-back\">GOLVAVJ\u00c4MNING<\/h4>\n<p>Vi utf\u00f6r alla typer av f\u00f6rekommande golvavj\u00e4mningar inklusive pumpservice<\/p>\n<p style=\"text-align: center;\"><strong><a href=\"https:\/\/b-b-b.se\/index.php\/golvavjamning\/\">vill du veta mer<\/a><\/strong><\/p>\n<\/div><\/div><\/div><\/div><\/div><div class=\"fusion-flip-box-wrapper fusion-column col-lg-4 col-md-4 col-sm-4\"><div class=\"fusion-flip-box flip-up\" tabindex=\"0\"><div class=\"flip-box-inner-wrapper\"><div class=\"flip-box-front\" style=\"--awb-icon-color:#000000;\"><div class=\"flip-box-front-inner\"><div class=\"flip-box-grafix flip-box-image\"><img decoding=\"async\" class=\"lazyload\" src=\"data:image\/svg+xml,%3Csvg%20xmlns%3D%27http%3A%2F%2Fwww.w3.org%2F2000%2Fsvg%27%20width%3D%27150%27%20height%3D%27150%27%20viewBox%3D%270%200%20150%20150%27%3E%3Crect%20width%3D%27150%27%20height%3D%27150%27%20fill-opacity%3D%220%22%2F%3E%3C%2Fsvg%3E\" data-orig-src=\"http:\/\/b-b-b.se\/wp-content\/uploads\/2022\/12\/building_icon.png\" width=\"70\" height=\"70\" alt=\"\" \/><\/div><h4 class=\"flip-box-heading\">Grund &amp; Forms\u00e4ttning<\/h4>Grunden i vad vi sysslar med<\/div><\/div><div class=\"flip-box-back\" style=\"--awb-icon-color:#000000;\"><div class=\"flip-box-back-inner\"><h4 class=\"flip-box-heading-back\">GRUND &amp; FORMS\u00c4TTNING<\/h4>\n<p>Vi har erfarenhet av att gjuta grunder och utf\u00f6r de flesta f\u00f6rekommande betongarbeten<\/p>\n<p><strong><a href=\"https:\/\/b-b-b.se\/index.php\/grund-formsattning\/\">vill du veta mer<\/a><\/strong><\/p>\n<\/div><\/div><\/div><\/div><\/div><\/div><div class=\"fusion-flip-boxes flip-boxes row fusion-columns-3 flip-effect-classic equal-heights\"><div class=\"fusion-flip-box-wrapper fusion-column col-lg-4 col-md-4 col-sm-4\"><div class=\"fusion-flip-box flip-up\" tabindex=\"0\"><div class=\"flip-box-inner-wrapper\"><div class=\"flip-box-front\" style=\"--awb-icon-color:#000000;\"><div class=\"flip-box-front-inner\"><div class=\"flip-box-grafix flip-box-image\"><img decoding=\"async\" class=\"lazyload\" src=\"data:image\/svg+xml,%3Csvg%20xmlns%3D%27http%3A%2F%2Fwww.w3.org%2F2000%2Fsvg%27%20width%3D%272027%27%20height%3D%272395%27%20viewBox%3D%270%200%202027%202395%27%3E%3Crect%20width%3D%272027%27%20height%3D%272395%27%20fill-opacity%3D%220%22%2F%3E%3C%2Fsvg%3E\" data-orig-src=\"http:\/\/b-b-b.se\/wp-content\/uploads\/2023\/01\/Shower-icon-254x300.png\" width=\"70\" height=\"82.68\" alt=\"\" \/><\/div><h4 class=\"flip-box-heading\">Badrum<\/h4>sj\u00e4lvklart PER-godk\u00e4nda<\/div><\/div><div class=\"flip-box-back\" style=\"--awb-icon-color:#000000;\"><div class=\"flip-box-back-inner\"><h4 class=\"flip-box-heading-back\">BADRUM<\/h4>\n<p>Vi utf\u00f6r badrumsrenoveringar, sj\u00e4lvklart enligt branschregler f\u00f6r vattent\u00e4ta badrum<\/p>\n<p><a href=\"http:\/\/b-b-b.se\/index.php\/badrum\/\">vill du veta mera<\/a><\/p>\n<\/div><\/div><\/div><\/div><\/div><div class=\"fusion-flip-box-wrapper fusion-column col-lg-4 col-md-4 col-sm-4\"><div class=\"fusion-flip-box flip-up\" tabindex=\"0\"><div class=\"flip-box-inner-wrapper\"><div class=\"flip-box-front\" style=\"--awb-icon-color:#000000;\"><div class=\"flip-box-front-inner\"><div class=\"flip-box-grafix flip-box-image\"><img decoding=\"async\" class=\"lazyload\" src=\"data:image\/svg+xml,%3Csvg%20xmlns%3D%27http%3A%2F%2Fwww.w3.org%2F2000%2Fsvg%27%20width%3D%2770%27%20height%3D%2770%27%20viewBox%3D%270%200%2070%2070%27%3E%3Crect%20width%3D%2770%27%20height%3D%2770%27%20fill-opacity%3D%220%22%2F%3E%3C%2Fsvg%3E\" data-orig-src=\"http:\/\/b-b-b.se\/wp-content\/uploads\/2022\/12\/avj_icon.png\" width=\"70\" height=\"70\" alt=\"\" \/><\/div><h4 class=\"flip-box-heading\">Kolfiberf\u00f6rst\u00e4rkning<\/h4>F\u00f6rst\u00e4rker din befintliga konstruktion<\/div><\/div><div class=\"flip-box-back\" style=\"--awb-icon-color:#000000;\"><div class=\"flip-box-back-inner\"><h4 class=\"flip-box-heading-back\">KOLFIBERF\u00d6RST\u00c4RKNING<\/h4>\n<p>F\u00f6r utanp\u00e5liggande f\u00f6rst\u00e4rkning av konstruktioner gjorda av\u00a0armerad betong, murverk och tr\u00e4<\/p>\n<p><a href=\"https:\/\/b-b-b.se\/index.php\/kolfiberforstarkning\/\">vill du veta mer<\/a><\/p>\n<\/div><\/div><\/div><\/div><\/div><div class=\"fusion-flip-box-wrapper fusion-column col-lg-4 col-md-4 col-sm-4\"><div class=\"fusion-flip-box flip-up\" tabindex=\"0\"><div class=\"flip-box-inner-wrapper\"><div class=\"flip-box-front\" style=\"--awb-icon-color:#000000;\"><div class=\"flip-box-front-inner\"><div class=\"flip-box-grafix flip-box-image\"><img decoding=\"async\" class=\"lazyload\" src=\"data:image\/svg+xml,%3Csvg%20xmlns%3D%27http%3A%2F%2Fwww.w3.org%2F2000%2Fsvg%27%20width%3D%27150%27%20height%3D%27150%27%20viewBox%3D%270%200%20150%20150%27%3E%3Crect%20width%3D%27150%27%20height%3D%27150%27%20fill-opacity%3D%220%22%2F%3E%3C%2Fsvg%3E\" data-orig-src=\"http:\/\/b-b-b.se\/wp-content\/uploads\/2022\/12\/building_icon.png\" width=\"70\" height=\"70\" alt=\"\" \/><\/div><h4 class=\"flip-box-heading\">Microcement<\/h4>sl\u00e4pp loss kreativiteten<\/div><\/div><div class=\"flip-box-back\" style=\"--awb-icon-color:#000000;\"><div class=\"flip-box-back-inner\"><h4 class=\"flip-box-heading-back\">MICROCEMENT<\/h4>\n<p>bara din kreativite s\u00e4tter g\u00e4nser f\u00f6r hur du kan anv\u00e4nda detta<\/p>\n<p><a href=\"http:\/\/b-b-b.se\/index.php\/microcement\/\">vill du veta mer<\/a><\/p>\n<\/div><\/div><\/div><\/div><\/div><\/div><div class=\"fusion-separator fusion-full-width-sep\" style=\"align-self: center;margin-left: auto;margin-right: auto;margin-top:0px;margin-bottom:0px;width:100%;\"><div class=\"fusion-separator-border sep-single sep-solid\" style=\"--awb-height:20px;--awb-amount:20px;border-color:var(--awb-color2);border-top-width:2px;\"><\/div><\/div><\/div><\/div><\/div><\/div>\n","protected":false},"excerpt":{"rendered":"","protected":false},"author":1,"featured_media":0,"parent":0,"menu_order":0,"comment_status":"closed","ping_status":"closed","template":"100-width.php","meta":{"inline_featured_image":false,"footnotes":""},"class_list":["post-5546","page","type-page","status-publish","hentry"],"_links":{"self":[{"href":"https:\/\/b-b-b.se\/index.php\/wp-json\/wp\/v2\/pages\/5546","targetHints":{"allow":["GET"]}}],"collection":[{"href":"https:\/\/b-b-b.se\/index.php\/wp-json\/wp\/v2\/pages"}],"about":[{"href":"https:\/\/b-b-b.se\/index.php\/wp-json\/wp\/v2\/types\/page"}],"author":[{"embeddable":true,"href":"https:\/\/b-b-b.se\/index.php\/wp-json\/wp\/v2\/users\/1"}],"replies":[{"embeddable":true,"href":"https:\/\/b-b-b.se\/index.php\/wp-json\/wp\/v2\/comments?post=5546"}],"version-history":[{"count":8,"href":"https:\/\/b-b-b.se\/index.php\/wp-json\/wp\/v2\/pages\/5546\/revisions"}],"predecessor-version":[{"id":5556,"href":"https:\/\/b-b-b.se\/index.php\/wp-json\/wp\/v2\/pages\/5546\/revisions\/5556"}],"wp:attachment":[{"href":"https:\/\/b-b-b.se\/index.php\/wp-json\/wp\/v2\/media?parent=5546"}],"curies":[{"name":"wp","href":"https:\/\/api.w.org\/{rel}","templated":true}]}}